{"id":27,"date":"2019-02-19T11:41:49","date_gmt":"2019-02-19T10:41:49","guid":{"rendered":"http:\/\/doggybag.org\/?page_id=27"},"modified":"2019-02-19T16:03:25","modified_gmt":"2019-02-19T15:03:25","slug":"accueil","status":"publish","type":"page","link":"https:\/\/doggybag.org\/","title":{"rendered":""},"content":{"rendered":"<p>Quelque soit votre secteur d\u2019activit\u00e9 vous utilisez quotidiennement l\u2019informatique.<\/p>\n<p>Vous pouvez avoir besoin d\u2019un informaticien pour un d\u00e9pannage urgent ou pour un suivi plus r\u00e9gulier de votre informatique.<\/p>\n<p>Vous avez besoin de\u00a0conseils pour faire \u00e9voluer votre parc informatique ou simplement pour acheter du mat\u00e9riel adapt\u00e9 \u00e0 votre activit\u00e9.<\/p>\n<p>Vous souhaitez faire une sauvegarde de vos donn\u00e9es.<\/p>\n<p>Contactez moi.<\/p>\n<p>Defranoux Christofle<\/p>\n<p>GSM: 0486 80 20 51<\/p>\n\n\n<p><\/p>\n","protected":false},"excerpt":{"rendered":"<p>Quelque soit votre secteur d\u2019activit\u00e9 vous utilisez quotidiennement l\u2019informatique. Vous pouvez avoir besoin d\u2019un informaticien pour un d\u00e9pannage urgent ou pour un suivi plus r\u00e9gulier de votre informatique. Vous avez besoin de\u00a0conseils pour faire \u00e9voluer votre parc informatique ou simplement pour acheter du mat\u00e9riel adapt\u00e9 \u00e0 votre activit\u00e9. Vous souhaitez faire une sauvegarde de vos &#8230; <a title=\"\" class=\"read-more\" href=\"https:\/\/doggybag.org\/\" aria-label=\"More on \">Read more<\/a><\/p>\n","protected":false},"author":1,"featured_media":0,"parent":0,"menu_order":0,"comment_status":"closed","ping_status":"closed","template":"","meta":{"footnotes":""},"class_list":["post-27","page","type-page","status-publish"],"_links":{"self":[{"href":"https:\/\/doggybag.org\/index.php\/wp-json\/wp\/v2\/pages\/27","targetHints":{"allow":["GET"]}}],"collection":[{"href":"https:\/\/doggybag.org\/index.php\/wp-json\/wp\/v2\/pages"}],"about":[{"href":"https:\/\/doggybag.org\/index.php\/wp-json\/wp\/v2\/types\/page"}],"author":[{"embeddable":true,"href":"https:\/\/doggybag.org\/index.php\/wp-json\/wp\/v2\/users\/1"}],"replies":[{"embeddable":true,"href":"https:\/\/doggybag.org\/index.php\/wp-json\/wp\/v2\/comments?post=27"}],"version-history":[{"count":4,"href":"https:\/\/doggybag.org\/index.php\/wp-json\/wp\/v2\/pages\/27\/revisions"}],"predecessor-version":[{"id":64,"href":"https:\/\/doggybag.org\/index.php\/wp-json\/wp\/v2\/pages\/27\/revisions\/64"}],"wp:attachment":[{"href":"https:\/\/doggybag.org\/index.php\/wp-json\/wp\/v2\/media?parent=27"}],"curies":[{"name":"wp","href":"https:\/\/api.w.org\/{rel}","templated":true}]}}